{"id":36,"date":"2017-10-25T19:12:42","date_gmt":"2017-10-25T19:12:42","guid":{"rendered":"http:\/\/basketball.djk-bendorf.de\/?page_id=36"},"modified":"2018-06-06T16:11:34","modified_gmt":"2018-06-06T16:11:34","slug":"impressum","status":"publish","type":"page","link":"http:\/\/basketball.djk-bendorf.de\/?page_id=36","title":{"rendered":"Impressum \/ Datenschutzerkl\u00e4rung (DSGVO)"},"content":{"rendered":"<div id=\"content\" class=\"clearfix\">\n<article id=\"post-577\" class=\"post-577 page type-page status-publish hentry\">\n<div class=\"entry-content clearfix\">\n<p>Copyright \u00a9 2017 <a title=\"DJK\" href=\"http:\/\/djk-bendorf.de\/\">DJK Bendorf e. V<\/a>.\u00a0 Alle Rechte vorbehalten.<\/p>\n<p><b>Angaben gem\u00e4\u00df \u00a7 5 TMG:<\/b><\/p>\n<p><b>DJK Bendorf e. V.<\/b><\/p>\n<p>An der Seilerbahn 15<br \/>\n56170 Bendorf<\/p>\n<h2><\/h2>\n<h6>Vertreten durch:<\/h6>\n<p>Peter Normann<\/p>\n<p>1. Vorsitzender<\/p>\n<p>&nbsp;<\/p>\n<h6>Gestaltung der Homepage:<\/h6>\n<p>Gernot Schlemmer<\/p>\n<p>Gesch\u00e4ftsf\u00fchrer<\/p>\n<h3><\/h3>\n<h6>Registereintrag:<\/h6>\n<p>Eintragung im Vereinsregister.<br \/>\nRegisternummer: 1396<\/p>\n<p>&nbsp;<\/p>\n<h6>Haftungsausschluss:<\/h6>\n<p><strong>Haftung f\u00fcr Inhalte<\/strong><\/p>\n<p>Die Inhalte unserer Seiten wurden mit gr\u00f6\u00dfter Sorgfalt erstellt. F\u00fcr die Richtigkeit, Vollst\u00e4ndigkeit und Aktualit\u00e4t der Inhalte k\u00f6nnen wir jedoch keine Gew\u00e4hr \u00fcbernehmen. Als Diensteanbieter sind wir gem\u00e4\u00df \u00a7 7 Abs.1 TMG f\u00fcr eigene Inhalte auf diesen Seiten nach den allgemeinen Gesetzen verantwortlich. Nach \u00a7\u00a7 8 bis 10 TMG sind wir als Diensteanbieter jedoch nicht verpflichtet, \u00fcbermittelte oder gespeicherte fremde Informationen zu \u00fcberwachen oder nach Umst\u00e4nden zu forschen, die auf eine rechtswidrige T\u00e4tigkeit hinweisen. Verpflichtungen zur Entfernung oder Sperrung der Nutzung von Informationen nach den allgemeinen Gesetzen bleiben hiervon unber\u00fchrt. Eine diesbez\u00fcgliche Haftung ist jedoch erst ab dem Zeitpunkt der Kenntnis einer konkreten Rechtsverletzung m\u00f6glich. Bei Bekanntwerden von entsprechenden Rechtsverletzungen werden wir diese Inhalte umgehend entfernen.<\/p>\n<p><strong>Haftung f\u00fcr Links<\/strong><\/p>\n<p>Unser Angebot enth\u00e4lt Links zu externen Webseiten Dritter, auf deren Inhalte wir keinen Einfluss haben. Deshalb k\u00f6nnen wir f\u00fcr diese fremden Inhalte auch keine Gew\u00e4hr \u00fcbernehmen. F\u00fcr die Inhalte der verlinkten Seiten ist stets der jeweilige Anbieter oder Betreiber der Seiten verantwortlich. Die verlinkten Seiten wurden zum Zeitpunkt der Verlinkung auf m\u00f6gliche Rechtsverst\u00f6\u00dfe \u00fcberpr\u00fcft. Rechtswidrige Inhalte waren zum Zeitpunkt der Verlinkung nicht erkennbar. Eine permanente inhaltliche Kontrolle der verlinkten Seiten ist jedoch ohne konkrete Anhaltspunkte einer Rechtsverletzung nicht zumutbar. Bei Bekanntwerden von Rechtsverletzungen werden wir derartige Links umgehend entfernen.<\/p>\n<p><strong>Urheberrecht<\/strong><\/p>\n<p>Die durch die Seitenbetreiber erstellten Inhalte und Werke auf diesen Seiten unterliegen dem deutschen Urheberrecht. Die Vervielf\u00e4ltigung, Bearbeitung, Verbreitung und jede Art der Verwertung au\u00dferhalb der Grenzen des Urheberrechtes bed\u00fcrfen der schriftlichen Zustimmung des jeweiligen Autors bzw. Erstellers. Downloads und Kopien dieser Seite sind nur f\u00fcr den privaten, nicht kommerziellen Gebrauch gestattet. Soweit die Inhalte auf dieser Seite nicht vom Betreiber erstellt wurden, werden die Urheberrechte Dritter beachtet. Insbesondere werden Inhalte Dritter als solche gekennzeichnet. Sollten Sie trotzdem auf eine Urheberrechtsverletzung aufmerksam werden, bitten wir um einen entsprechenden Hinweis. Bei Bekanntwerden von Rechtsverletzungen werden wir derartige Inhalte umgehend entfernen.<\/p>\n<p><strong>Datenschutz<\/strong><\/p>\n<p>Die Nutzung unserer Webseite ist in der Regel ohne Angabe personenbezogener Daten m\u00f6glich. Soweit auf unseren Seiten personenbezogene Daten (beispielsweise Name, Anschrift oder eMail-Adressen) erhoben werden, erfolgt dies, soweit m\u00f6glich, stets auf freiwilliger Basis. Diese Daten werden ohne Ihre ausdr\u00fcckliche Zustimmung nicht an Dritte weitergegeben.<\/p>\n<p>Wir weisen darauf hin, dass die Daten\u00fcbertragung im Internet (z.B. bei der Kommunikation per E-Mail) Sicherheitsl\u00fccken aufweisen kann. Ein l\u00fcckenloser Schutz der Daten vor dem Zugriff durch Dritte ist nicht m\u00f6glich.<\/p>\n<p>Der Nutzung von im Rahmen der Impressumspflicht ver\u00f6ffentlichten Kontaktdaten durch Dritte zur \u00dcbersendung von nicht ausdr\u00fccklich angeforderter Werbung und Informationsmaterialien wird hiermit ausdr\u00fccklich widersprochen. Die Betreiber der Seiten behalten sich ausdr\u00fccklich rechtliche Schritte im Falle der unverlangten Zusendung von Werbeinformationen, etwa durch Spam-Mails, vor.<\/p>\n<p>&nbsp;<\/p>\n<h6>Informationspflichten nach Artikel 13 und 14 DSGVO [Datenschutzgrundverordnung]<strong><br \/>\n<\/strong><\/h6>\n<p>Nach Artikel 13 und 14 EU-DSGVO hat der Verantwortliche einer betroffenen Person, deren Daten er verarbeitet, die in den Artikeln genannten Informationen bereit zu stellen.<\/p>\n<p>Der Informationspflicht kommt dieser Anhang nach:<\/p>\n<ol>\n<li><u> Namen und Kontaktdaten des Verantwortlichen sowie gegebenenfalls seiner Vertreter: <\/u><\/li>\n<\/ol>\n<p><strong><em>DJK Bendorf e.V.,<\/em><\/strong><em> An der Seilerbahn 15, 56170 Bendorf<\/em>, gesetzlich vertreten durch den Vorstand nach \u00a7 26 BGB,<\/p>\n<p>Herr Peter Normann (1. Vorsitzender) E-Mail: <a href=\"mailto:p.normann@t-online.de\">p.normann@t-online.de<\/a><\/p>\n<p>Herr Michael Herwartz (2. Vorsitzender) E-Mail: <a href=\"mailto:herwartz.m@t-online.de\">herwartz.m@t-online.de<\/a><\/p>\n<ol start=\"2\">\n<li><u> Kontaktdaten des Gesch\u00e4ftsf\u00fchrers:<\/u><\/li>\n<\/ol>\n<p><strong><em>DJK Bendorf e.V.,<\/em><\/strong><em> Sayner Stra\u00dfe 28, 56170 Bendorf<\/em>,<\/p>\n<p>Herr Gernot Schlemmer \u2013 E-Mail: <a href=\"mailto:gernot.schlemmer@t-online.de\">gernot.schlemmer@t-online.de<\/a><\/p>\n<ol start=\"3\">\n<li><u> Zwecke, f\u00fcr die personenbezogene Daten verarbeitet werden:<\/u><\/li>\n<\/ol>\n<p>Die personenbezogenen Daten werden f\u00fcr die Durchf\u00fchrung des Mitgliedschaftsverh\u00e4ltnisses verarbeitet (z.B. Einladung zu Versammlungen, Beitragseinzug, Organisation des Sportbetriebes).<\/p>\n<p>Ferner werden personenbezogene Daten zur Teilnahme am Wettkampf-, Turnier-\u00a0 und Spielbetrieb der Landesfachverb\u00e4nde \/ Dachverband (Di\u00f6zesanverband) an diese weitergeleitet.<\/p>\n<p>Dar\u00fcber hinaus werden personenbezogene Daten im Zusammenhang mit sportlichen Ereignissen einschlie\u00dflich Berichterstattungen hier\u00fcber auf der Internetseite des Vereins, in Auftritten des Vereins, in Sozialen Medien sowie auf Seiten der Fachverb\u00e4nde ver\u00f6ffentlicht und an lokale, regionale und \u00fcberregionale Printmedien \u00fcbermittelt.<\/p>\n<ol start=\"4\">\n<li><u> Rechtsgrundlagen, auf Grund derer die Verarbeitung erfolgt:<\/u><\/li>\n<\/ol>\n<p>Die Verarbeitung der personenbezogenen Daten erfolgt in der Regel aufgrund der Erforderlichkeit zur Erf\u00fcllung eines Vertrages gem\u00e4\u00df Artikel 6 Abs. 1 lit. b) DSGVO. Bei den Vertragsverh\u00e4ltnissen handelt es sich in erster Linie um das Mitgliedschaftsverh\u00e4ltnis im Verein und um die Teilnahme am Spielbetrieb der Fachverb\u00e4nde.<\/p>\n<p>Werden personenbezogene Daten erhoben, ohne das die Verarbeitung zur Erf\u00fcllung des Vertrages erforderlich ist, erfolgt die Verarbeitung aufgrund einer Einwilligung nach Artikel 6 Abs. 1 lit. a) i. V. m. Artikel 7 DSGVO.<\/p>\n<p>Die Ver\u00f6ffentlichung personenbezogener Daten im Internet oder in lokalen, regionalen oder \u00fcberregionalen Printmedien erfolgt zur Wahrung berechtigter Interessen des Vereins (vgl. Artikel 6 Abs. 1 lit. f) DSGVO). Das berechtigte Interesse des Vereins besteht in der Information der \u00d6ffentlichkeit durch Berichtserstattung \u00fcber die Aktivit\u00e4ten des Vereins. In diesem Rahmen werden personenbezogene Daten einschlie\u00dflich von Bildern der Teilnehmer zum Beispiel im Rahmen der Berichterstattung \u00fcber sportliche Ereignisse des Vereins ver\u00f6ffentlicht.<\/p>\n<ol start=\"5\">\n<li><u> Die Empf\u00e4nger oder Kategorien von Empf\u00e4ngern der personenbezogenen Daten:<\/u><\/li>\n<\/ol>\n<p>Personenbezogene Daten der Mitglieder, die am Spiel-\u00a0 und Wettkampfbetrieb der Landesfachverb\u00e4nde teilnehmen, werden zum Erwerb einer Lizenz, einer Wertungskarte, eines Spielerpasses oder sonstiger Teilnahmeberechtigung an den jeweiligen Landesfachverband weitergegeben.<\/p>\n<p>Die Daten der Bankverbindung der Mitglieder werden zum Zwecke des Beitragseinzugs an die <em>Sparkasse Koblenz<\/em> weitergeleitet.<\/p>\n<p>Personenbezogene Daten werden nicht in ein Drittland \u00fcbermittelt, Drittl\u00e4nder sind Staaten, die nicht Mitglied der EU sind.<\/p>\n<ol start=\"6\">\n<li><u> Die Dauer, f\u00fcr die die personenbezogenen Daten gespeichert werden oder, falls dies nicht m\u00f6glich ist, die Kriterien f\u00fcr die Festlegung der Dauer:<\/u><\/li>\n<\/ol>\n<p>Die personenbezogenen Daten werden f\u00fcr die Dauer der Mitgliedschaft gespeichert.<\/p>\n<p>Mit Beendigung der Mitgliedschaft werden die Datenkategorien gem\u00e4\u00df den gesetzlichen Aufbewahrungsfristen weitere zehn Jahre vorgehalten und dann gel\u00f6scht. In der Zeit zwischen Beendigung der Mitgliedschaft und der L\u00f6schung wird die Verarbeitung dieser Daten eingeschr\u00e4nkt.<\/p>\n<p>Bestimmte Datenkategorien werden zum Zweck der Vereinschronik im Vereinsarchiv gespeichert. Hierbei handelt es sich um die Kategorien Vorname, Nachname, Zugeh\u00f6rigkeit zu einer Mannschaft, besondere sportliche Erfolge oder Ereignisse, an denen die betroffene Person mitgewirkt hat. Der Speicherung liegt ein berechtigtes Interesse des Vereins an der zeitgeschichtlichen Dokumentation von sportlichen Ereignissen und Erfolgen und der jeweiligen Zusammensetzung der Mannschaften zugrunde.<\/p>\n<p>Alle Daten der \u00fcbrigen Kategorien (z.B. Bankdaten, Anschrift, Kontaktdaten) werden mit Beendigung der Mitgliedschaft gel\u00f6scht.<\/p>\n<ol start=\"7\">\n<li><u> Der betroffenen Person stehen unter den in den Artikeln jeweils genannten<\/u> <u>Voraussetzungen die nachfolgenden Rechte zu:<\/u><\/li>\n<\/ol>\n<ul>\n<li>das Recht auf Auskunft nach Artikel 15 DSGVO,<\/li>\n<li>das Recht auf Berichtigung nach Artikel 16 DSGVO,<\/li>\n<li>das Recht auf L\u00f6schung nach Artikel 17 DSGVO,<\/li>\n<li>das Recht auf Einschr\u00e4nkung der Verarbeitung nach Artikel 18 DSGVO,<\/li>\n<li>das Recht auf Daten\u00fcbertragbarkeit nach Artikel 20 DSGVO,<\/li>\n<li>das Widerspruchsrecht nach Artikel 21 DSGVO,<\/li>\n<li>das Recht auf Beschwerde bei einer Aufsichtsbeh\u00f6rde nach Artikel 77 DSGVO<\/li>\n<li>das Recht, eine erteilte Einwilligung jederzeit widerrufen zu k\u00f6nnen, ohne dass die Rechtm\u00e4\u00dfigkeit der aufgrund der Einwilligung bis zum Widerruf erfolgten Verarbeitung hierdurch ber\u00fchrt wird.<\/li>\n<\/ul>\n<ol start=\"8\">\n<li><u>Widerrufsrecht:<\/u><\/li>\n<\/ol>\n<p>Sie haben das Recht, Ihre Einwilligung zur Verarbeitung nach Artikel 6 Abs. 1a DSGVO jederzeit zu widerrufen, ohne dass dies die Rechtm\u00e4\u00dfigkeit der aufgrund der Einwilligung bis zum Widerruf erfolgten Verarbeitung ber\u00fchrt.<\/p>\n<p>Um dieses Recht geltend zu machen, wenden Sie sich bitte an die Gesch\u00e4ftsf\u00fchrung (Anschrift s. unter2.)<\/p>\n<p>9. <u>Ihr Recht auf Beschwerde:<\/u><\/p>\n<p>Die f\u00fcr uns zust\u00e4ndige Aufsichtsbeh\u00f6rde ist:<\/p>\n<p>Der Landesbeauftragte f\u00fcr den Datenschutz und die Informationsfreiheit Rheinland-Pfalz<\/p>\n<p>Prof. Dr. Dieter Kugelmann<\/p>\n<p>Hintere Bleiche 34<\/p>\n<p>55116 Mainz<\/p>\n<p>Tel.: +49(0)61 31\/208-2449<\/p>\n<p>Fax: +49(0)61 31\/208-2497<\/p>\n<p>Webseite: <a href=\"https:\/\/www.datenschutz.rlp.de\/\">https:\/\/www.datenschutz.rlp.de\/<\/a><\/p>\n<p>E-Mail: <a href=\"mailto:poststelle@datenschutz.rlp.de\">poststelle@datenschutz.rlp.de<\/a><\/p>\n<p>Betroffene Personen haben nach Artikel 77 Abs. 1 DSGVO ein Beschwerderecht f\u00fcr den Fall des Vorliegens eines Versto\u00dfes gegen gesetzliche Bestimmungen bei der Verarbeitung personenbezogener Daten.<\/p>\n<p><u>10. Die Quelle, aus der die personenbezogenen Daten stammen:<\/u><\/p>\n<p>Die personenbezogenen Daten werden grunds\u00e4tzlich im Rahmen des Erwerbs der Mitgliedschaft erhoben.<\/p>\n<p>Ende der Informationspflicht<\/p>\n<p>Stand: Mai 2018<\/p>\n<\/div>\n<\/article>\n<\/div>\n","protected":false},"excerpt":{"rendered":"<p>Copyright \u00a9 2017 DJK Bendorf e. V.\u00a0 Alle Rechte vorbehalten. Angaben gem\u00e4\u00df \u00a7 5 TMG: DJK Bendorf e. V. An<\/p>\n","protected":false},"author":1,"featured_media":0,"parent":0,"menu_order":0,"comment_status":"closed","ping_status":"closed","template":"","meta":{"colormag_page_container_layout":"default_layout","colormag_page_sidebar_layout":"default_layout","_bbp_topic_count":0,"_bbp_reply_count":0,"_bbp_total_topic_count":0,"_bbp_total_reply_count":0,"_bbp_voice_count":0,"_bbp_anonymous_reply_count":0,"_bbp_topic_count_hidden":0,"_bbp_reply_count_hidden":0,"_bbp_forum_subforum_count":0},"_links":{"self":[{"href":"http:\/\/basketball.djk-bendorf.de\/index.php?rest_route=\/wp\/v2\/pages\/36"}],"collection":[{"href":"http:\/\/basketball.djk-bendorf.de\/index.php?rest_route=\/wp\/v2\/pages"}],"about":[{"href":"http:\/\/basketball.djk-bendorf.de\/index.php?rest_route=\/wp\/v2\/types\/page"}],"author":[{"embeddable":true,"href":"http:\/\/basketball.djk-bendorf.de\/index.php?rest_route=\/wp\/v2\/users\/1"}],"replies":[{"embeddable":true,"href":"http:\/\/basketball.djk-bendorf.de\/index.php?rest_route=%2Fwp%2Fv2%2Fcomments&post=36"}],"version-history":[{"count":8,"href":"http:\/\/basketball.djk-bendorf.de\/index.php?rest_route=\/wp\/v2\/pages\/36\/revisions"}],"predecessor-version":[{"id":505,"href":"http:\/\/basketball.djk-bendorf.de\/index.php?rest_route=\/wp\/v2\/pages\/36\/revisions\/505"}],"wp:attachment":[{"href":"http:\/\/basketball.djk-bendorf.de\/index.php?rest_route=%2Fwp%2Fv2%2Fmedia&parent=36"}],"curies":[{"name":"wp","href":"https:\/\/api.w.org\/{rel}","templated":true}]}}