{"id":393,"date":"2017-11-28T11:37:07","date_gmt":"2017-11-28T11:37:07","guid":{"rendered":"http:\/\/basketball.djk-bendorf.de\/?page_id=393"},"modified":"2023-11-13T07:31:07","modified_gmt":"2023-11-13T07:31:07","slug":"geschichte-zum-basketball-in-bendorf","status":"publish","type":"page","link":"http:\/\/basketball.djk-bendorf.de\/?page_id=393","title":{"rendered":"Geschichte zum Basketball in Bendorf"},"content":{"rendered":"<p style=\"text-align: center;\"><span style=\"color: #ff0000;\"><strong><span style=\"font-family: Arial, sans-serif;\">Seit 60-Jahren gibt es den Basketball-Sport in Bendorf !!<\/span><\/strong><\/span><\/p>\n<p><em>hier die Geschichte dazu:<\/em><\/p>\n<p><span style=\"font-family: Arial, sans-serif;\">2016 konnte 60 Jahre Basketball in Bendorf (1956 \u2013 2016) gefeiert werden.<\/span><\/p>\n<p><span style=\"font-family: Arial, sans-serif;\">Im Jahre 1956 begann alles in den \u201eResten\u201c einer Turnhalle in der N\u00e4he des Stadtparkes im Andorf und bald darauf in den R\u00e4umen des evangelischen Gemeindesaales in der Unteren Vallendarerstra\u00dfe, der damals mehr oder weniger dem Verfall entgegen d\u00fcmpelte.<\/span><\/p>\n<p><span style=\"font-family: Arial, sans-serif;\">Es versteht sich auch, dass jegliche Vorrichtung f\u00fcr diese Sportart fehlte, Improvisation war gefragt und so begann der Basketballsport in Bendorf mit zwei Korbballst\u00e4ndern.<\/span><\/p>\n<p><span style=\"font-family: Arial, sans-serif;\">Der erste Gegner war der VfB L\u00fctzel, der schon l\u00e4nger in einer richtigen Halle, mit original Basketballvorrichtung, Basketball spielen konnte.<\/span><\/p>\n<p><span style=\"font-family: Arial, sans-serif;\">Und so lie\u00df sich das eindeutige Ergebnis von 100 zu 2 auch gut erkl\u00e4ren.<\/span><\/p>\n<p><span style=\"font-family: Arial, sans-serif;\">Damit konnte es ja nur besser werden und mit viel Optimismus haben wir diese Sportart ja auch bis in die heutige Zeit in Bendorf erhalten.<\/span><\/p>\n<p><span style=\"font-family: Arial, sans-serif;\">Von Jahr zu Jahr ging es nun aufw\u00e4rts!!<\/span><\/p>\n<p><span style=\"font-family: Arial, sans-serif;\">Die \u00e4u\u00dferen Bedingungen verbesserten sich immer mehr und es wuchs nach und nach eine neue Basketballgeneration heran.<\/span><\/p>\n<p><span style=\"font-family: Arial, sans-serif;\">Ergebnis guter, kontinuierlicher und engagierter Trainingsarbeit waren dann diverse Meisterschaften bis hin zur Landesliga bzw. Oberliga.<\/span><\/p>\n<p><span style=\"font-family: Arial, sans-serif;\">1984\/85 wurde unter anderem die Damenmannschaft Landesligameister und schaffte damit des Aufstieg in die Oberliga.<\/span><\/p>\n<p><span style=\"font-family: Arial, sans-serif;\">1987\/88 konnte die Herrenmannschaft den Aufstieg von der Bezirksliga in die Landesliga feiern und im Jahre 1989\/90 dort sogar die Meisterschaft, womit sogar die M\u00f6glichkeit bestand in die Oberliga aufzusteigen.<\/span><\/p>\n<p><span style=\"font-family: Arial, sans-serif;\">Aber aufgrund organisatorischer und personeller Probleme wurde darauf verzichtet.<\/span><\/p>\n<p><span style=\"font-family: Arial, sans-serif;\">1993\/94 fusionierten die Basketballer der beiden Vereine GSC Bendorf und DJK-Bendorf zur Basketballspielgemeinschaft. <\/span><\/p>\n<p><span style=\"font-family: Arial, sans-serif;\">Die Spielgemeinschaft beteiligte sich dann mit 8 Jugendmannschaften am Spielbetrieb des BVRP.<\/span><\/p>\n<p><span style=\"font-family: Arial, sans-serif;\">Die Senioren waren sowohl im Damen- als auch im Herrenbetrieb vertreten.<\/span><\/p>\n<p><span style=\"font-family: Arial, sans-serif;\">Im Jahre 2004\/2005 schaffte die Herrenmannschaft wieder den Aufstieg in die Landesliga.<\/span><\/p>\n<p><span style=\"font-family: Arial, sans-serif;\">3 Jahre lang, von der Saison 2010\/2011, spielte man sogar mit 2 Herrenmannschaften in der Bezirksliga, wovon eine 2013\/2014 Bezirksligameister wurde und in die Landesliga aufsteigen durfte.<\/span><\/p>\n<p><span style=\"font-family: Arial, sans-serif;\">Aktuell beteiligen sich 4 Jugendmannschaften (U12\/ U14 \/ U16 \/ U18) und eine Herrenmannschaft an den jeweiligen Saisonwettbewerben.<\/span><\/p>\n<p><span style=\"font-family: Arial, sans-serif;\">Hobbym\u00e4\u00dfig trainiert noch ein Team regelm\u00e4\u00dfig.<\/span><\/p>\n<p><span style=\"font-family: Arial, sans-serif;\">Im vergangenen Jahr wurde man vom Basketballverband Rheinland-Pfalz, mit dem Preis f\u00fcr gute Jugendarbeit, ausgezeichnet.<\/span><\/p>\n<p><span style=\"font-family: Arial, sans-serif;\">Seit Jahren w\u00e4chst die Zahl der Kinder und Jugendlichen, die bei uns Basketball spielen!<\/span><\/p>\n<p><span style=\"font-family: Arial, sans-serif;\">Dazu tr\u00e4gt auch bestimmt das nun schon seit vier Jahren durchgef\u00fchrte Basketball-Sommercamp bei und die regelm\u00e4\u00dfigen Fahrten mit dem gesamten Verein zu Spielen in der Basketball-Bundesliga.<\/span><\/p>\n<p><span style=\"font-family: Arial, sans-serif;\">Zu den Feierlichkeiten 60-Jahre Basketball in Bendorf, wurde ein Jugend- und Herrenturnier ausgerichtet, bei dem B\u00fcrgermeister Michael Kessler den Hochball im ersten Spiel t\u00e4tigte. <\/span><\/p>\n<p><span style=\"font-family: Arial, sans-serif;\">Zu den weiteren Gratulanten geh\u00f6rte dann auch der erste Vorsitzende des Basketballverbandes Rheinland.<\/span><\/p>\n<p><span style=\"font-family: Arial, sans-serif;\">Bilder zu den Feierlichkeiten und weitere Infos zum Basketball in Bendorf sind auf der Webseite: <a href=\"http:\/\/www.djk-bendorf.de\/\">www.djk-bendorf.de<\/a> einsehbar.<\/span><\/p>\n<p><span style=\"font-family: Arial, sans-serif;\">Die Organisation und Aufrechterhaltung des Spiel- und Trainingsbetriebes war und ist nat\u00fcrlich ohne das Engagement von Trainern, Schiedsrichtern, Funktion\u00e4ren und Helfern nicht m\u00f6glich.<\/span><\/p>\n<p><span style=\"font-family: Arial, sans-serif;\">Wir m\u00f6chten uns auf diesem Wege bei Allen ganz herzlich bedanken und hoffen auf weitere erfolgreiche 60-Jahre!!!<\/span><\/p>\n<h3><\/h3>\n<header class=\"entry-header ast-no-thumbnail\">\n<h1 class=\"entry-title\" style=\"text-align: center;\"><strong><span style=\"color: #ff0000;\">Wir \u00fcber Uns<\/span><\/strong><\/h1>\n<\/header>\n<div class=\"entry-content clear\">\n<h1><\/h1>\n<h3><strong>\u201eSport und mehr \u2026\u201c<\/strong><\/h3>\n<p><em>Wo ist sie geblieben, die Zeit, in der Sportler ihr Gegen\u00fcber als Partner sahen, der zwar bezwungen werden sollte, den man aber auch zum Spielen braucht? Wenn heute Schlagzeilen \u00fcber das Thema Sport in den Medien erscheinen, fragt man sich immer \u00f6fter, ob man noch den Sportteil vor sich hat, oder ob man sich in der Berichterstattung von Krisenherden dieser Welt befindet. \u201eSchlacht gegen Bayern\u201c, \u201eHass auf Klose\u201c, so lauten die Schlagzeilen. Was aber haben \u201eSchlachten\u201c und \u201eHass\u201c noch mit Sport zu tun?<\/em><\/p>\n<p>Die <strong>DJK-Bendorf\u00a0e. V.<\/strong> ist dem katholischen \u2013 <strong><em>\u00f6kumenisch offenen<\/em><\/strong> \u2013 DJK Sportverband angeschlossen.<\/p>\n<p>Seine Grund\u00fcberzeugung basiert auf dem \u201e<strong>Drei-S\u00e4ulen-Modell<\/strong>\u201c:<\/p>\n<p><strong>Sport <\/strong>\u2013<strong> Gemeinschaft <\/strong>\u2013<strong> Glaube<\/strong><\/p>\n<p>Die Gr\u00fcndung des Sportverbandes DJK erfolgte im Rahmen des Katholikentages 1920 in W\u00fcrzburg mit der Aufnahme des Sportbetriebes der katholischen Jugend in festen Strukturen. Der Begriff <em>\u201aJugendkraft\u2018<\/em> war zur Bl\u00fctezeit der Jugendbewegung fest in der Alltagssprache verankert und steht synonym f\u00fcr die positive, kreative und mitunter kraftvolle Phase der Jugendzeit.<\/p>\n<p>In der Gegenwart definiert sich der DJK-Sportverband als Mittler zwischen Kirche und Sport. Im Sinne des Evangeliums ist der \u201aDienst am Menschen\u2018 dabei die zentrale Rolle. Der Sport soll hierbei als ein Ausdruck von Lebensfreude erlebt werden und bei der Pers\u00f6nlichkeitsentwicklung helfen \u2013 entsprechend der F\u00e4higkeiten und Einschr\u00e4nkungen eines jeden Einzelnen.<\/p>\n<p>Kirchen und Sport verbinden zahlreiche gemeinsame Werte wie Toleranz, R\u00fccksichtnahme, Solidarit\u00e4t und Fairness. Grundlage ihrer Partnerschaft ist f\u00fcr Kirche und Sport aber auch die Anerkennung ihrer Verschiedenheit: Der Sport ist keine Religion und will auch keine Ersatzreligion sein. Die gemeinsame Basis von Kirche und Sport besteht in der \u201eVerantwortung, die Gesellschaft aktiv mitzugestalten und den Menschen, gerade in Zeiten der Unsicherheit, R\u00e4ume f\u00fcr eigenverantwortliches Handeln, Verl\u00e4sslichkeit und Geborgenheit zu bieten\u201c.<\/p>\n<p>Jeder Mensch verdient eine gerechte Chance auf eine selbst bestimmte Teilhabe am gesellschaftlichen Leben \u2013 unabh\u00e4ngig von seiner sozialen Herkunft, Weltanschauung und Religion.<\/p>\n<p>Die Verbindung Kirche und Sport tr\u00e4gt Sorge f\u00fcr die Gestaltung des menschlichen Miteinanders, f\u00fcr einen lebensfrohen, menschengerechten und menschenw\u00fcrdigen Sport. In der DJK treffen Menschen von unterschiedlicher Herkunft, Kultur und Religionszugeh\u00f6rigkeit zusammen, und erleben gemeinsam Werte im Sport.<\/p>\n<p>Die Regeln im Sport sind f\u00fcr Menschen unterschiedlicher Religionen alle gleich. Kirche und Sport haben ein gemeinsames Interesse, dass sich Integration ohne gro\u00dfe Programme in der Alltagsarbeit vollzieht und dass Vorurteile gegen Migranten abgebaut werden.<\/p>\n<p><strong>\u201aSport um der Menschen willen\u2018, im Damals, im Heute und im Morgen !<\/strong><\/p>\n<\/div>\n","protected":false},"excerpt":{"rendered":"<p>Seit 60-Jahren gibt es den Basketball-Sport in Bendorf !! hier die Geschichte dazu: 2016 konnte 60 Jahre Basketball in Bendorf<\/p>\n","protected":false},"author":1,"featured_media":0,"parent":0,"menu_order":0,"comment_status":"closed","ping_status":"closed","template":"","meta":{"colormag_page_container_layout":"default_layout","colormag_page_sidebar_layout":"default_layout","_bbp_topic_count":0,"_bbp_reply_count":0,"_bbp_total_topic_count":0,"_bbp_total_reply_count":0,"_bbp_voice_count":0,"_bbp_anonymous_reply_count":0,"_bbp_topic_count_hidden":0,"_bbp_reply_count_hidden":0,"_bbp_forum_subforum_count":0},"_links":{"self":[{"href":"http:\/\/basketball.djk-bendorf.de\/index.php?rest_route=\/wp\/v2\/pages\/393"}],"collection":[{"href":"http:\/\/basketball.djk-bendorf.de\/index.php?rest_route=\/wp\/v2\/pages"}],"about":[{"href":"http:\/\/basketball.djk-bendorf.de\/index.php?rest_route=\/wp\/v2\/types\/page"}],"author":[{"embeddable":true,"href":"http:\/\/basketball.djk-bendorf.de\/index.php?rest_route=\/wp\/v2\/users\/1"}],"replies":[{"embeddable":true,"href":"http:\/\/basketball.djk-bendorf.de\/index.php?rest_route=%2Fwp%2Fv2%2Fcomments&post=393"}],"version-history":[{"count":2,"href":"http:\/\/basketball.djk-bendorf.de\/index.php?rest_route=\/wp\/v2\/pages\/393\/revisions"}],"predecessor-version":[{"id":2552,"href":"http:\/\/basketball.djk-bendorf.de\/index.php?rest_route=\/wp\/v2\/pages\/393\/revisions\/2552"}],"wp:attachment":[{"href":"http:\/\/basketball.djk-bendorf.de\/index.php?rest_route=%2Fwp%2Fv2%2Fmedia&parent=393"}],"curies":[{"name":"wp","href":"https:\/\/api.w.org\/{rel}","templated":true}]}}